{"id":980,"date":"2022-09-15T09:50:58","date_gmt":"2022-09-15T08:50:58","guid":{"rendered":"https:\/\/parijedi.org\/?page_id=980"},"modified":"2022-09-15T11:33:59","modified_gmt":"2022-09-15T10:33:59","slug":"maintenance","status":"publish","type":"page","link":"https:\/\/parijedi.org\/en\/maintenance\/","title":{"rendered":"maintenance"},"content":{"rendered":"<div id=\"sp-page\" class=\"spBgcover sp-content-4\" style=\"background-color: rgb(255, 255, 255); font-family: 'Helvetica Neue', Arial, sans-serif; font-weight: 400;\">\n<section id=\"sp-ks8a8s\" class=\"sp-el-section \" style=\"width: 600px; max-width: 100%; padding: 10px;\">\n<div id=\"sp-vw3kvy\" class=\"sp-el-row sm:sp-flex sp-justify-between sp-w-full  sp-m-auto\" style=\"padding: 0px; width: auto; max-width: 1000px;\">\n<div id=\"sp-ggzp6w\" class=\"sp-el-col sp-p-4  sp-w-full\" style=\"width: calc(100% - 0px); padding: 10px;\">\n<h1 id=\"sp-jkhbii\" class=\"sp-css-target\" style=\"font-size: 25px; font-weight: bold; color: rgb(50, 27, 38); text-align: center; padding: 10px; margin-top: 49px;\"><strong>Programme d&#8217;Aide au Retour et \u00e0 l&#8217;Insertion des Jeunes de la Diaspora<\/strong><\/h1>\n<figure id=\"sp-brhhwi\" class=\"sp-image-wrapper\" style=\"margin-top: 0px; padding: 10px; text-align: center;\"><span><img src=\"https:\/\/parijedi.org\/wp-content\/uploads\/2022\/09\/parjedi.jpg\" alt=\"\"><\/span><\/figure>\n<div id=\"tiny-vue_14519550721663238017388\" class=\"sp-css-target sp-text-wrapper mce-content-body html4-captions\"  style=\"font-size: 16px; color: rgb(50, 27, 38); padding: 10px; margin-top: 0px; text-align: center; position: relative;\" >\n<p><strong><span style=\"text-decoration: underline;\" data-mce-style=\"text-decoration: underline;\">Si\u00e8ge:<\/span><\/strong> Yaound\u00e9-Nlongkak, ancien immeuble si\u00e8ge du Minist\u00e8re de la Jeunesse et de l&#8217;Education Civique<\/p>\n<p><span style=\"text-decoration: underline;\" data-mce-style=\"text-decoration: underline;\"><strong>Contacts:<\/strong><\/span> Tel: +237 222 204 722 \/+237 677 583791 \/ +237 694016754&nbsp;<\/p>\n<p><span style=\"text-decoration: underline;\" data-mce-style=\"text-decoration: underline;\"><strong>Email:<\/strong><\/span> parijedi.cm@gmail.com<\/p>\n<p><span style=\"text-decoration: underline;\" data-mce-style=\"text-decoration: underline;\"><a href=\"https:\/\/www.facebook.com\/Parijedi\" data-mce-href=\"https:\/\/www.facebook.com\/Parijedi\">https:\/\/www.facebook.com\/Parijedi<\/a><\/span><\/p>\n<\/div>\n<h4 id=\"sp-nnntw1\" class=\"sp-css-target\" style=\"font-size: 37px; font-weight: bold; color: rgb(50, 27, 38); text-align: center; padding: 10px; margin-top: 0px;\"><span style=\"text-decoration: underline;\"><strong>SITE EN MAINTENANCE<\/strong><\/span><\/h4>\n<\/div>\n<\/div>\n<\/section>\n<\/div>\n","protected":false},"excerpt":{"rendered":"<p>Programme d&#8217;Aide au Retour et \u00e0 l&#8217;Insertion des Jeunes de la Diaspora Si\u00e8ge: Yaound\u00e9-Nlongkak, ancien immeuble si\u00e8ge du Minist\u00e8re de la Jeunesse et de l&#8217;Education Civique Contacts: Tel: +237 222 204 722 \/+237 677 583791 \/ +237 694016754&nbsp; Email: parijedi.cm@gmail.com https:\/\/www.facebook.com\/Parijedi SITE EN MAINTENANCE<\/p>\n","protected":false},"author":3,"featured_media":0,"parent":0,"menu_order":0,"comment_status":"closed","ping_status":"closed","template":"","meta":[],"_links":{"self":[{"href":"https:\/\/parijedi.org\/en\/wp-json\/wp\/v2\/pages\/980"}],"collection":[{"href":"https:\/\/parijedi.org\/en\/wp-json\/wp\/v2\/pages"}],"about":[{"href":"https:\/\/parijedi.org\/en\/wp-json\/wp\/v2\/types\/page"}],"author":[{"embeddable":true,"href":"https:\/\/parijedi.org\/en\/wp-json\/wp\/v2\/users\/3"}],"replies":[{"embeddable":true,"href":"https:\/\/parijedi.org\/en\/wp-json\/wp\/v2\/comments?post=980"}],"version-history":[{"count":8,"href":"https:\/\/parijedi.org\/en\/wp-json\/wp\/v2\/pages\/980\/revisions"}],"predecessor-version":[{"id":1006,"href":"https:\/\/parijedi.org\/en\/wp-json\/wp\/v2\/pages\/980\/revisions\/1006"}],"wp:attachment":[{"href":"https:\/\/parijedi.org\/en\/wp-json\/wp\/v2\/media?parent=980"}],"curies":[{"name":"wp","href":"https:\/\/api.w.org\/{rel}","templated":true}]}}