{"id":29,"date":"2018-06-05T00:57:34","date_gmt":"2018-06-05T00:57:34","guid":{"rendered":"https:\/\/parijedi.org\/?page_id=29"},"modified":"2018-06-07T22:05:55","modified_gmt":"2018-06-07T22:05:55","slug":"acceuil","status":"publish","type":"page","link":"https:\/\/parijedi.org\/en\/","title":{"rendered":"Acceuil"},"content":{"rendered":"<p style=\"text-align: center\">Plac\u00e9 sous l&#8217;autorit\u00e9 du Ministre de la Jeunesse et de l&#8217;Education Civique, le <span>Programme d&#8217;Aide au Retour et \u00e0 l&#8217; Insertion des Jeunes de la Diaspora (PARI-JEDI)<\/span> est un m\u00e9canisme de mobilisation des jeunes camerounais de la diaspora en vue de leur retour et leur insertion socio-\u00e9conomique, et de promotion de la participation de la diaspora \u00e0 l&#8217;\u0153uvre de construction nationale, par le biais d&#8217;une gestion concert\u00e9e du ph\u00e9nom\u00e8ne migratoire et de ses cons\u00e9quences en milieu jeune.<\/p>\n","protected":false},"excerpt":{"rendered":"<p>Plac\u00e9 sous l&#8217;autorit\u00e9 du Ministre de la Jeunesse et de l&#8217;Education Civique, le Programme d&#8217;Aide au Retour et \u00e0 l&#8217; Insertion des Jeunes de la Diaspora (PARI-JEDI) est un m\u00e9canisme de mobilisation des jeunes camerounais de la diaspora en vue de leur retour et leur insertion socio-\u00e9conomique, et de promotion de la participation de la [&hellip;]<\/p>\n","protected":false},"author":2,"featured_media":0,"parent":0,"menu_order":0,"comment_status":"closed","ping_status":"closed","template":"","meta":[],"_links":{"self":[{"href":"https:\/\/parijedi.org\/en\/wp-json\/wp\/v2\/pages\/29"}],"collection":[{"href":"https:\/\/parijedi.org\/en\/wp-json\/wp\/v2\/pages"}],"about":[{"href":"https:\/\/parijedi.org\/en\/wp-json\/wp\/v2\/types\/page"}],"author":[{"embeddable":true,"href":"https:\/\/parijedi.org\/en\/wp-json\/wp\/v2\/users\/2"}],"replies":[{"embeddable":true,"href":"https:\/\/parijedi.org\/en\/wp-json\/wp\/v2\/comments?post=29"}],"version-history":[{"count":2,"href":"https:\/\/parijedi.org\/en\/wp-json\/wp\/v2\/pages\/29\/revisions"}],"predecessor-version":[{"id":79,"href":"https:\/\/parijedi.org\/en\/wp-json\/wp\/v2\/pages\/29\/revisions\/79"}],"wp:attachment":[{"href":"https:\/\/parijedi.org\/en\/wp-json\/wp\/v2\/media?parent=29"}],"curies":[{"name":"wp","href":"https:\/\/api.w.org\/{rel}","templated":true}]}}