{"id":250,"date":"2018-06-09T04:38:28","date_gmt":"2018-06-09T04:38:28","guid":{"rendered":"https:\/\/parijedi.org\/?page_id=250"},"modified":"2018-06-09T20:09:02","modified_gmt":"2018-06-09T20:09:02","slug":"accompagnement-du-jeune-a-la-migration-reguliere-temporaire-et-circulaire","status":"publish","type":"page","link":"https:\/\/parijedi.org\/en\/accompagnement-du-jeune-a-la-migration-reguliere-temporaire-et-circulaire\/","title":{"rendered":"ACCOMPAGNEMENT DU JEUNE \u00c0 LA MIGRATION R\u00c9GULI\u00c8RE, TEMPORAIRE ET CIRCULAIRE"},"content":{"rendered":"<p>[vc_row][vc_column][vc_wp_text]<\/p>\n<table width=\"709\">\n<tbody>\n<tr>\n<td rowspan=\"2\" width=\"47\"><strong>N\u00b0 <\/strong><\/td>\n<td rowspan=\"2\" width=\"227\"><strong>Etapes de la proc\u00e9dure d\u2019accompagnement <\/strong><\/td>\n<td colspan=\"2\" width=\"227\"><strong>Structures du MINJEC responsable de l\u2019accompagnement <\/strong><\/td>\n<td rowspan=\"2\" width=\"208\"><strong>Autres intervenants\u00a0 <\/strong><\/td>\n<\/tr>\n<tr>\n<td width=\"119\"><strong>Personnes \u00e2g\u00e9es de 15 \u00e0 <\/strong><\/p>\n<p><strong>35 ans <\/strong><\/td>\n<td width=\"108\"><strong>Personnes \u00e2g\u00e9es de <\/strong><\/p>\n<p><strong>plus de 35 ans <\/strong><\/td>\n<\/tr>\n<tr>\n<td width=\"47\">1.<\/td>\n<td width=\"227\">Sensibilisation, information et s\u00e9lection des jeunes au Cameroun<\/td>\n<td width=\"119\">PARI-JEDI ONJ<\/td>\n<td width=\"108\">PARI-JEDI<\/td>\n<td width=\"208\">Partenaires<\/td>\n<\/tr>\n<tr>\n<td width=\"47\">2.<\/td>\n<td width=\"227\">Inscriptions<\/td>\n<td width=\"119\">ONJ<\/td>\n<td width=\"108\">PARI-JEDI<\/td>\n<td width=\"208\">&nbsp;<\/td>\n<\/tr>\n<tr>\n<td width=\"47\">3.<\/td>\n<td width=\"227\">Conseils et orientations<\/td>\n<td width=\"119\">PARI-JEDI ONJ<\/td>\n<td width=\"108\">PARI-JEDI<\/td>\n<td width=\"208\">Partenaires<\/td>\n<\/tr>\n<tr>\n<td width=\"47\">4.<\/td>\n<td width=\"227\">Elaboration, maturation et pr\u00e9paration du Plan de<\/p>\n<p>migration r\u00e9guli\u00e8re et du plan de<\/p>\n<p>retour \u2013 installation<\/td>\n<td width=\"119\">PARI-JEDI<\/td>\n<td width=\"108\">PARI-JEDI<\/td>\n<td width=\"208\">Partenaires<\/td>\n<\/tr>\n<tr>\n<td width=\"47\">5.<\/td>\n<td width=\"227\">R\u00e9armement morale et \u00e9ducation civique \u00e0 distance<\/p>\n<p>(phase 1)<\/td>\n<td width=\"119\">ASCNPD<a href=\"#_ftn1\" name=\"_ftnref1\"><sup>[1]<\/sup><\/a>\u00a0 PARI-JEDI<\/td>\n<td width=\"108\">ASCNPD<\/p>\n<p>PARI-JEDI<\/td>\n<td width=\"208\">Partenaires<\/td>\n<\/tr>\n<tr>\n<td width=\"47\">6.<\/td>\n<td width=\"227\">Accompagnement aux la r\u00e9alisation des proc\u00e9dures<\/p>\n<p>d\u2019\u00e9migration<\/td>\n<td width=\"119\">PARI-JEDI<\/td>\n<td width=\"108\">PARI-JEDI<\/td>\n<td width=\"208\">Partenaires<\/p>\n<p>DGSN<\/p>\n<p>MINREX<\/td>\n<\/tr>\n<tr>\n<td width=\"47\">7.<\/td>\n<td width=\"227\">Arriv\u00e9e \u00e0 l\u2019\u00e9tranger,\u00a0 accueil par les organisations partenaires de la diaspora ;\u00a0 et<\/p>\n<p>accompagnement \u00e0 l\u2019int\u00e9gration dans le pays d\u2019accueil.<\/td>\n<td width=\"119\">Organisation partenaires de la diaspora\u00a0 Repr\u00e9sentation s diplomatiques<\/p>\n<p>PARI-JEDI<\/td>\n<td width=\"108\">Organisation partenaires<\/p>\n<p>de la diaspora<\/p>\n<p>Repr\u00e9sentatio ns<\/p>\n<p>diplomatiques<\/p>\n<p>PARI-JEDI<\/td>\n<td width=\"208\">Partenaires<\/p>\n<p>MINREX<\/td>\n<\/tr>\n<tr>\n<td width=\"47\">8.<\/td>\n<td width=\"227\">S\u00e9jour \u00e0 l\u2019ext\u00e9rieur<\/td>\n<td width=\"119\">Organisation partenaires de la diaspora\u00a0 Repr\u00e9sentation s diplomatiques<\/p>\n<p>PARI-JEDI<\/td>\n<td width=\"108\">Organisation partenaires<\/p>\n<p>de la diaspora<\/p>\n<p>Repr\u00e9sentatio ns<\/p>\n<p>diplomatiques<\/p>\n<p>PARI-JEDI<\/td>\n<td width=\"208\">Partenaires<\/p>\n<p>MINREX<\/td>\n<\/tr>\n<tr>\n<td width=\"47\">9.<\/td>\n<td width=\"227\">Montage, maturation du business plan ou du projet<\/p>\n<p>professionnel<\/td>\n<td width=\"119\">PARI-JEDI<\/td>\n<td width=\"108\">PARI-JEDI<\/td>\n<td width=\"208\">Partenaires<\/td>\n<\/tr>\n<tr>\n<td width=\"47\">10<\/td>\n<td width=\"227\">Retour et accueil au Cameroun<\/td>\n<td width=\"119\">PARI-JEDI<\/td>\n<td width=\"108\">PARI-JEDI<\/td>\n<td width=\"208\">Partenaires<\/p>\n<p>MINREX<\/td>\n<\/tr>\n<tr>\n<td width=\"47\">11<\/td>\n<td width=\"227\">R\u00e9armement morale et \u00e9ducation civique en pr\u00e9sentiel<\/p>\n<p>(phase 2), avec participation aux activit\u00e9s d\u2019int\u00e9r\u00eat g\u00e9n\u00e9ral<\/td>\n<td width=\"119\">ASCNPD<\/p>\n<p>PARI-JEDI<\/p>\n<p>PNV<\/td>\n<td width=\"108\">ASCNPD<\/p>\n<p>PARI-JEDI<\/p>\n<p>PNV<\/td>\n<td width=\"208\">Partenaires<\/td>\n<\/tr>\n<tr>\n<td width=\"47\">12<\/td>\n<td width=\"227\">Financement du projet d\u2019entreprise, ou \/ insertion en emploi salari\u00e9 dans une organisation identifi\u00e9e<\/td>\n<td width=\"119\">FONIJ<\/td>\n<td width=\"108\">PARI-JEDI<\/td>\n<td width=\"208\">&#8211; Institutions financi\u00e8res ou d\u2019appui \u00e0 la cr\u00e9ation d\u2019entreprises &#8211; Partenaires<\/td>\n<\/tr>\n<tr>\n<td width=\"47\">13<\/td>\n<td width=\"227\">Installation du b\u00e9n\u00e9ficiaire et d\u00e9marrage des activit\u00e9s d\u2019exploitation \/ Suivi du stage pr\u00e9-emploi.<\/td>\n<td width=\"119\">PARI-JEDI<\/td>\n<td width=\"108\">PARI-JEDI<\/td>\n<td width=\"208\">&#8211; Organisations d\u2019accompagnement contractuelles<\/p>\n<p>&#8211; Partenaires<\/p>\n<p>&#8211; Institution financi\u00e8re ou d\u2019appui<\/td>\n<\/tr>\n<tr>\n<td width=\"47\">14<\/td>\n<td width=\"227\">Suivi de l\u2019\u00e9volution de l\u2019entreprise et du remboursement des emprunts \/ Suivi de l\u2019embauche dans l\u2019entreprise sollicit\u00e9e.<\/td>\n<td width=\"119\">PARI-JEDI<\/td>\n<td width=\"108\">PARI-JEDI<\/td>\n<td width=\"208\">&#8211; Organisations d\u2019accompagnement contractuelles<\/p>\n<p>&#8211; Partenaires<\/p>\n<p>&#8211; Institution financi\u00e8re ou d\u2019appui<\/td>\n<\/tr>\n<tr>\n<td width=\"47\">15<\/td>\n<td width=\"227\">Autonomisation du b\u00e9n\u00e9ficiaire<\/td>\n<td width=\"119\">PARI-JEDI<\/td>\n<td width=\"108\">PARI-JEDI<\/td>\n<td width=\"208\">Partenaires<\/td>\n<\/tr>\n<\/tbody>\n<\/table>\n<p><a href=\"#_ftnref1\" name=\"_ftn1\"><\/a>[\/vc_wp_text][\/vc_column][\/vc_row]<\/p>\n","protected":false},"excerpt":{"rendered":"<p>[vc_row][vc_column][vc_wp_text] N\u00b0 Etapes de la proc\u00e9dure d\u2019accompagnement Structures du MINJEC responsable de l\u2019accompagnement Autres intervenants\u00a0 Personnes \u00e2g\u00e9es de 15 \u00e0 35 ans Personnes \u00e2g\u00e9es de plus de 35 ans 1. Sensibilisation, information et s\u00e9lection des jeunes au Cameroun PARI-JEDI ONJ PARI-JEDI Partenaires 2. Inscriptions ONJ PARI-JEDI &nbsp; 3. Conseils et orientations PARI-JEDI ONJ PARI-JEDI Partenaires [&hellip;]<\/p>\n","protected":false},"author":2,"featured_media":0,"parent":0,"menu_order":0,"comment_status":"closed","ping_status":"closed","template":"","meta":[],"_links":{"self":[{"href":"https:\/\/parijedi.org\/en\/wp-json\/wp\/v2\/pages\/250"}],"collection":[{"href":"https:\/\/parijedi.org\/en\/wp-json\/wp\/v2\/pages"}],"about":[{"href":"https:\/\/parijedi.org\/en\/wp-json\/wp\/v2\/types\/page"}],"author":[{"embeddable":true,"href":"https:\/\/parijedi.org\/en\/wp-json\/wp\/v2\/users\/2"}],"replies":[{"embeddable":true,"href":"https:\/\/parijedi.org\/en\/wp-json\/wp\/v2\/comments?post=250"}],"version-history":[{"count":3,"href":"https:\/\/parijedi.org\/en\/wp-json\/wp\/v2\/pages\/250\/revisions"}],"predecessor-version":[{"id":340,"href":"https:\/\/parijedi.org\/en\/wp-json\/wp\/v2\/pages\/250\/revisions\/340"}],"wp:attachment":[{"href":"https:\/\/parijedi.org\/en\/wp-json\/wp\/v2\/media?parent=250"}],"curies":[{"name":"wp","href":"https:\/\/api.w.org\/{rel}","templated":true}]}}