{"id":248,"date":"2018-06-09T04:38:26","date_gmt":"2018-06-09T04:38:26","guid":{"rendered":"https:\/\/parijedi.org\/?page_id=248"},"modified":"2018-06-09T20:08:44","modified_gmt":"2018-06-09T20:08:44","slug":"accompagnement-et-suivi-des-investissements-de-la-diaspora","status":"publish","type":"page","link":"https:\/\/parijedi.org\/en\/accompagnement-et-suivi-des-investissements-de-la-diaspora\/","title":{"rendered":"ACCOMPAGNEMENT ET SUIVI DES INVESTISSEMENTS DE LA DIASPORA"},"content":{"rendered":"<p>[vc_row][vc_column][vc_wp_text]<\/p>\n<table width=\"661\">\n<tbody>\n<tr>\n<td width=\"56\"><strong>N\u00b0 <\/strong><\/td>\n<td width=\"227\"><strong>Etapes de la proc\u00e9dure d\u2019accompagnement <\/strong><\/td>\n<td width=\"161\"><strong>Structures du <\/strong><\/p>\n<p><strong>MINJEC responsable de l\u2019accompagnement <\/strong><\/td>\n<td width=\"217\"><strong>Autres intervenants <\/strong><\/td>\n<\/tr>\n<tr>\n<td width=\"56\">1.<\/td>\n<td width=\"227\">Recensement des possibilit\u00e9s\u00a0 d\u2019investissement existant au Cameroun.<\/td>\n<td width=\"161\">&#8211; PARI-JEDI<\/p>\n<p>&#8211; Services d\u00e9concentr\u00e9s<\/td>\n<td width=\"217\">&#8211; Points focaux<\/p>\n<p>&#8211; Partenaires<\/td>\n<\/tr>\n<tr>\n<td width=\"56\">2.<\/td>\n<td width=\"227\">Information et sensibilisation de la diaspora sur les possibilit\u00e9s identifi\u00e9es, et recensement des id\u00e9es de projet propos\u00e9es par la diaspora<\/td>\n<td width=\"161\">PARI-JEDI<\/td>\n<td width=\"217\">&#8211; MINREX<\/p>\n<p>&#8211; Partenaires<\/td>\n<\/tr>\n<tr>\n<td width=\"56\">3.<\/td>\n<td width=\"227\">Etudes de pr\u00e9 faisabilit\u00e9 des id\u00e9es de projet recens\u00e9es<\/td>\n<td width=\"161\">PARI-JEDI<\/td>\n<td width=\"217\">&#8211;\u00a0 Points focaux<\/p>\n<p>&#8211;\u00a0 Partenaires<\/p>\n<p>&#8211;\u00a0 Promoteurs<\/td>\n<\/tr>\n<tr>\n<td width=\"56\">4.<\/td>\n<td width=\"227\">Elaboration des plans d\u2019affaires\u00a0 et maturation des projets\u00a0 d\u2019investissement identifi\u00e9s<\/td>\n<td width=\"161\">&#8211; PARI-JEDI<\/td>\n<td width=\"217\">&#8211;\u00a0 MINREX<\/p>\n<p>&#8211;\u00a0 Points focaux<\/p>\n<p>&#8211;\u00a0 Partenaires<\/p>\n<p>&#8211;\u00a0 Promoteurs<\/td>\n<\/tr>\n<tr>\n<td width=\"56\">5.<\/td>\n<td width=\"227\">Suivi des d\u00e9marches et des\u00a0 formalit\u00e9s relatives \u00e0 la mise en \u0153uvre des projets<\/td>\n<td width=\"161\">&#8211; PARI-JEDI<\/td>\n<td width=\"217\">&#8211;\u00a0 MINREX<\/p>\n<p>&#8211;\u00a0 Points focaux<\/p>\n<p>&#8211;\u00a0 Partenaires<\/p>\n<p>&#8211;\u00a0 Promoteurs<\/td>\n<\/tr>\n<tr>\n<td width=\"56\">6.<\/td>\n<td width=\"227\">Suivi de l\u2019implantation de\u00a0 l\u2019entreprise et du d\u00e9marrage des activit\u00e9s.<\/td>\n<td width=\"161\">&#8211; PARI-JEDI<\/p>\n<p>&#8211; Services d\u00e9concentr\u00e9s<\/td>\n<td width=\"217\">&#8211;\u00a0 MINREX<\/p>\n<p>&#8211;\u00a0 Points focaux<\/p>\n<p>&#8211;\u00a0 Partenaires<\/p>\n<p>&#8211;\u00a0 Promoteurs<\/td>\n<\/tr>\n<tr>\n<td width=\"56\">7.<\/td>\n<td width=\"227\">Suivi de la gestion du projet\u00a0 d\u2019investissement ou de l\u2019entreprise implant\u00e9e.<\/td>\n<td width=\"161\">&#8211; PARI-JEDI<\/p>\n<p>&#8211; Services d\u00e9concentr\u00e9s<\/td>\n<td width=\"217\">&#8211;\u00a0 MINREX<\/p>\n<p>&#8211;\u00a0 Points focaux<\/p>\n<p>&#8211;\u00a0 Partenaires<\/p>\n<p>&#8211;\u00a0 Promoteurs<\/td>\n<\/tr>\n<tr>\n<td width=\"56\">8.<\/td>\n<td width=\"227\">Evaluation de la mise en \u0153uvre du projet d\u2019investissement<\/td>\n<td width=\"161\">&#8211; PARI-JEDI<\/p>\n<p>&#8211; Services d\u00e9concentr\u00e9s<\/td>\n<td width=\"217\">&#8211;\u00a0 MINREX<\/p>\n<p>&#8211;\u00a0 Points focaux<\/p>\n<p>&#8211;\u00a0 Partenaires<\/p>\n<p>&#8211;\u00a0 Promoteurs<\/td>\n<\/tr>\n<\/tbody>\n<\/table>\n<p>&nbsp;[\/vc_wp_text][\/vc_column][\/vc_row]<\/p>\n","protected":false},"excerpt":{"rendered":"<p>[vc_row][vc_column][vc_wp_text] N\u00b0 Etapes de la proc\u00e9dure d\u2019accompagnement Structures du MINJEC responsable de l\u2019accompagnement Autres intervenants 1. Recensement des possibilit\u00e9s\u00a0 d\u2019investissement existant au Cameroun. &#8211; PARI-JEDI &#8211; Services d\u00e9concentr\u00e9s &#8211; Points focaux &#8211; Partenaires 2. Information et sensibilisation de la diaspora sur les possibilit\u00e9s identifi\u00e9es, et recensement des id\u00e9es de projet propos\u00e9es par la diaspora PARI-JEDI [&hellip;]<\/p>\n","protected":false},"author":2,"featured_media":0,"parent":0,"menu_order":0,"comment_status":"closed","ping_status":"closed","template":"","meta":[],"_links":{"self":[{"href":"https:\/\/parijedi.org\/en\/wp-json\/wp\/v2\/pages\/248"}],"collection":[{"href":"https:\/\/parijedi.org\/en\/wp-json\/wp\/v2\/pages"}],"about":[{"href":"https:\/\/parijedi.org\/en\/wp-json\/wp\/v2\/types\/page"}],"author":[{"embeddable":true,"href":"https:\/\/parijedi.org\/en\/wp-json\/wp\/v2\/users\/2"}],"replies":[{"embeddable":true,"href":"https:\/\/parijedi.org\/en\/wp-json\/wp\/v2\/comments?post=248"}],"version-history":[{"count":3,"href":"https:\/\/parijedi.org\/en\/wp-json\/wp\/v2\/pages\/248\/revisions"}],"predecessor-version":[{"id":337,"href":"https:\/\/parijedi.org\/en\/wp-json\/wp\/v2\/pages\/248\/revisions\/337"}],"wp:attachment":[{"href":"https:\/\/parijedi.org\/en\/wp-json\/wp\/v2\/media?parent=248"}],"curies":[{"name":"wp","href":"https:\/\/api.w.org\/{rel}","templated":true}]}}