{"id":246,"date":"2018-06-09T04:38:26","date_gmt":"2018-06-09T04:38:26","guid":{"rendered":"https:\/\/parijedi.org\/?page_id=246"},"modified":"2018-06-09T19:50:38","modified_gmt":"2018-06-09T19:50:38","slug":"accompagnements","status":"publish","type":"page","link":"https:\/\/parijedi.org\/en\/accompagnements\/","title":{"rendered":"FORMES D&#8217;ACCOMPAGNEMENTS"},"content":{"rendered":"<p>[vc_row][vc_column][vc_column_text]<strong>Les differentes formes d&#8217;accompagnements sont les suivantes:<\/strong><\/p>\n<p>&nbsp;<\/p>\n<ul>\n<li><a href=\"http:\/\/parijedi.org\/contributions-multiformes-de-la-diaspora-au-developpement-national\/\">Accompagnement des contributions multiformes de la diaspora au d\u00e9veloppement national<\/a><\/li>\n<\/ul>\n<p>&nbsp;<\/p>\n<ul>\n<li><a href=\"http:\/\/parijedi.org\/accompagnement-et-suivi-des-investissements-de-la-diaspora\/\">Accompagnement et suivi des investissements de la diaspora<\/a><\/li>\n<\/ul>\n<p>&nbsp;<\/p>\n<ul>\n<li><a href=\"http:\/\/parijedi.org\/accompagnement-des-migrants-de-retour-en-detresse-ou-en-situation-precaire\/\">Accompagnement des migrants de retour en d\u00e9tresse ou en situation pr\u00e9caire<\/a><\/li>\n<\/ul>\n<p>&nbsp;<\/p>\n<ul>\n<li><a href=\"http:\/\/parijedi.org\/accompagnement-du-jeune-a-la-migration-reguliere-temporaire-et-circulaire\/\">Accompagnement du jeune \u00e0 la migration r\u00e9guli\u00e8re, temporaire et circulaire<\/a><\/li>\n<\/ul>\n<p>[\/vc_column_text][\/vc_column][\/vc_row]<\/p>\n","protected":false},"excerpt":{"rendered":"<p>[vc_row][vc_column][vc_column_text]Les differentes formes d&#8217;accompagnements sont les suivantes: &nbsp; Accompagnement des contributions multiformes de la diaspora au d\u00e9veloppement national &nbsp; Accompagnement et suivi des investissements de la diaspora &nbsp; Accompagnement des migrants de retour en d\u00e9tresse ou en situation pr\u00e9caire &nbsp; Accompagnement du jeune \u00e0 la migration r\u00e9guli\u00e8re, temporaire et circulaire [\/vc_column_text][\/vc_column][\/vc_row]<\/p>\n","protected":false},"author":2,"featured_media":0,"parent":0,"menu_order":0,"comment_status":"closed","ping_status":"closed","template":"","meta":[],"_links":{"self":[{"href":"https:\/\/parijedi.org\/en\/wp-json\/wp\/v2\/pages\/246"}],"collection":[{"href":"https:\/\/parijedi.org\/en\/wp-json\/wp\/v2\/pages"}],"about":[{"href":"https:\/\/parijedi.org\/en\/wp-json\/wp\/v2\/types\/page"}],"author":[{"embeddable":true,"href":"https:\/\/parijedi.org\/en\/wp-json\/wp\/v2\/users\/2"}],"replies":[{"embeddable":true,"href":"https:\/\/parijedi.org\/en\/wp-json\/wp\/v2\/comments?post=246"}],"version-history":[{"count":2,"href":"https:\/\/parijedi.org\/en\/wp-json\/wp\/v2\/pages\/246\/revisions"}],"predecessor-version":[{"id":331,"href":"https:\/\/parijedi.org\/en\/wp-json\/wp\/v2\/pages\/246\/revisions\/331"}],"wp:attachment":[{"href":"https:\/\/parijedi.org\/en\/wp-json\/wp\/v2\/media?parent=246"}],"curies":[{"name":"wp","href":"https:\/\/api.w.org\/{rel}","templated":true}]}}