{"id":244,"date":"2018-06-09T04:38:26","date_gmt":"2018-06-09T04:38:26","guid":{"rendered":"https:\/\/parijedi.org\/?page_id=244"},"modified":"2018-06-09T19:43:48","modified_gmt":"2018-06-09T19:43:48","slug":"retour-insertion-de-la-diaspora-parcours-entrepreneurial","status":"publish","type":"page","link":"https:\/\/parijedi.org\/en\/retour-insertion-de-la-diaspora-parcours-entrepreneurial\/","title":{"rendered":"RETOUR \u2013 INSERTION DE LA DIASPORA (PARCOURS ENTREPRENEURIAL)"},"content":{"rendered":"<p>[vc_row][vc_column][vc_wp_text]<\/p>\n<table width=\"709\">\n<tbody>\n<tr>\n<td rowspan=\"2\" width=\"47\"><strong>N\u00b0 <\/strong><\/td>\n<td rowspan=\"2\" width=\"227\"><strong>Etapes de la proc\u00e9dure d\u2019accompagnement <\/strong><\/td>\n<td colspan=\"2\" width=\"227\"><strong>Structures du MINJEC responsable de l\u2019accompagnement <\/strong><\/td>\n<td rowspan=\"2\" width=\"208\"><strong>Autres intervenants\u00a0 <\/strong><\/td>\n<\/tr>\n<tr>\n<td width=\"119\"><strong>Personnes \u00e2g\u00e9es de 15 \u00e0 <\/strong><\/p>\n<p><strong>35 ans <\/strong><\/td>\n<td width=\"108\"><strong>Personnes \u00e2g\u00e9es de plus de 35 ans <\/strong><\/td>\n<\/tr>\n<tr>\n<td width=\"47\">1.<\/td>\n<td width=\"227\">Sensibilisation et information de la diaspora<\/td>\n<td width=\"119\">PARI-JEDI ONJ<\/td>\n<td width=\"108\">PARI-JEDI<\/td>\n<td width=\"208\">MINREX<\/p>\n<p>Partenaires<\/td>\n<\/tr>\n<tr>\n<td width=\"47\">2.<\/td>\n<td width=\"227\">Inscriptions<\/td>\n<td width=\"119\">ONJ<\/td>\n<td width=\"108\">PARI-JEDI<\/td>\n<td width=\"208\"><\/td>\n<\/tr>\n<tr>\n<td width=\"47\">3.<\/td>\n<td width=\"227\">Conseils et orientations<\/td>\n<td width=\"119\">PARI-JEDI ONJ<\/td>\n<td width=\"108\">PARI-JEDI<\/td>\n<td width=\"208\">MINREX<\/p>\n<p>Partenaires<\/td>\n<\/tr>\n<tr>\n<td width=\"47\">4.<\/td>\n<td width=\"227\">Elaboration, maturation et pr\u00e9paration du Plan de retour \u2013 installation<\/td>\n<td width=\"119\">PARI-JEDI<\/td>\n<td width=\"108\">PARI-JEDI<\/td>\n<td width=\"208\">MINREX<\/p>\n<p>Partenaires<\/td>\n<\/tr>\n<tr>\n<td width=\"47\">5.<\/td>\n<td width=\"227\">R\u00e9armement morale et \u00e9ducation civique \u00e0 distance (phase 1)<\/td>\n<td width=\"119\">ASCNPD<\/p>\n<p>PARI-JEDI<\/td>\n<td width=\"108\">ASCNPD\u00a0 PARI-JEDI<\/td>\n<td width=\"208\">Partenaires<\/td>\n<\/tr>\n<tr>\n<td width=\"47\">6.<\/td>\n<td width=\"227\">Arriv\u00e9e au Cameroun, accueil et accompagnement \u00e0 la r\u00e9int\u00e9gration<\/td>\n<td width=\"119\">PARI-JEDI<\/td>\n<td width=\"108\">PARI-JEDI<\/td>\n<td width=\"208\">MINREX<\/p>\n<p>MINAS<\/p>\n<p>Partenaires<\/td>\n<\/tr>\n<tr>\n<td width=\"47\">7.<\/td>\n<td width=\"227\">R\u00e9armement morale et \u00e9ducation civique en pr\u00e9sentiel (phase 2), avec participation aux activit\u00e9s d\u2019int\u00e9r\u00eat g\u00e9n\u00e9ral<\/td>\n<td width=\"119\">ASCNPD<\/p>\n<p>PARI-JEDI<\/p>\n<p>PNV<\/td>\n<td width=\"108\">ASCNPD<\/p>\n<p>PARI-JEDI<\/p>\n<p>PNV<\/td>\n<td width=\"208\">Partenaires<\/td>\n<\/tr>\n<tr>\n<td width=\"47\">8.<\/td>\n<td width=\"227\">Formation \/ renforcement des capacit\u00e9s techniques, entrepreneuriales et manag\u00e9riales<\/td>\n<td width=\"119\">PARI-JEDI<\/td>\n<td width=\"108\">PARI-JEDI<\/td>\n<td width=\"208\">Partenaires<\/td>\n<\/tr>\n<tr>\n<td width=\"47\">9.<\/td>\n<td width=\"227\">Montage du business plan<\/td>\n<td width=\"119\">PARI-JEDI<\/td>\n<td width=\"108\">PARI-JEDI<\/td>\n<td width=\"208\">Partenaires<\/td>\n<\/tr>\n<tr>\n<td width=\"47\">10<\/td>\n<td width=\"227\">Evaluation et validation du business plan par la structure pourvoyeuse de fonds<\/td>\n<td width=\"119\">PARI-JEDI<\/p>\n<p>FONIJ<\/td>\n<td width=\"108\">PARI-JEDI<\/td>\n<td width=\"208\">Institutions financi\u00e8res ou d\u2019appui \u00e0 la cr\u00e9ation d\u2019entreprises &#8211; Partenaires<\/td>\n<\/tr>\n<tr>\n<td width=\"47\">11<\/td>\n<td width=\"227\">Financement du projet d\u2019entreprise<\/td>\n<td width=\"119\">FONIJ<\/td>\n<td width=\"108\">PARI-JEDI<\/td>\n<td width=\"208\">Institutions financi\u00e8res ou d\u2019appui \u00e0 la cr\u00e9ation d\u2019entreprises &#8211; Partenaires<\/td>\n<\/tr>\n<tr>\n<td width=\"47\">12<\/td>\n<td width=\"227\">Installation du b\u00e9n\u00e9ficiaire et d\u00e9marrage des activit\u00e9s d\u2019exploitation.<\/td>\n<td width=\"119\">PARI-JEDI<\/td>\n<td width=\"108\">PARI-JEDI<\/td>\n<td width=\"208\">Organisations d\u2019accompagnement contractuelles<\/p>\n<p>Partenaires<\/p>\n<p>Institution financi\u00e8re ou d\u2019appui<\/td>\n<\/tr>\n<tr>\n<td width=\"47\">13<\/td>\n<td width=\"227\">Suivi de l\u2019\u00e9volution de l\u2019entreprise et du remboursement des emprunts<\/td>\n<td width=\"119\">PARI-JEDI<\/td>\n<td width=\"108\">PARI-JEDI<\/td>\n<td width=\"208\">Organisations d\u2019accompagnement contractuelles<\/p>\n<p>Partenaires<\/p>\n<p>Institution financi\u00e8re ou d\u2019appui<\/td>\n<\/tr>\n<tr>\n<td width=\"47\">14<\/td>\n<td width=\"227\">Autonomisation du b\u00e9n\u00e9ficiaire<\/td>\n<td width=\"119\">PARI-JEDI<\/td>\n<td width=\"108\">PARI-JEDI<\/td>\n<td width=\"208\">Partenaires<\/td>\n<\/tr>\n<\/tbody>\n<\/table>\n<p><a href=\"#_ftnref1\" name=\"_ftn1\"><\/a>[\/vc_wp_text][\/vc_column][\/vc_row]<\/p>\n","protected":false},"excerpt":{"rendered":"<p>[vc_row][vc_column][vc_wp_text] N\u00b0 Etapes de la proc\u00e9dure d\u2019accompagnement Structures du MINJEC responsable de l\u2019accompagnement Autres intervenants\u00a0 Personnes \u00e2g\u00e9es de 15 \u00e0 35 ans Personnes \u00e2g\u00e9es de plus de 35 ans 1. Sensibilisation et information de la diaspora PARI-JEDI ONJ PARI-JEDI MINREX Partenaires 2. Inscriptions ONJ PARI-JEDI 3. Conseils et orientations PARI-JEDI ONJ PARI-JEDI MINREX Partenaires 4. [&hellip;]<\/p>\n","protected":false},"author":2,"featured_media":0,"parent":0,"menu_order":0,"comment_status":"closed","ping_status":"closed","template":"","meta":[],"_links":{"self":[{"href":"https:\/\/parijedi.org\/en\/wp-json\/wp\/v2\/pages\/244"}],"collection":[{"href":"https:\/\/parijedi.org\/en\/wp-json\/wp\/v2\/pages"}],"about":[{"href":"https:\/\/parijedi.org\/en\/wp-json\/wp\/v2\/types\/page"}],"author":[{"embeddable":true,"href":"https:\/\/parijedi.org\/en\/wp-json\/wp\/v2\/users\/2"}],"replies":[{"embeddable":true,"href":"https:\/\/parijedi.org\/en\/wp-json\/wp\/v2\/comments?post=244"}],"version-history":[{"count":3,"href":"https:\/\/parijedi.org\/en\/wp-json\/wp\/v2\/pages\/244\/revisions"}],"predecessor-version":[{"id":330,"href":"https:\/\/parijedi.org\/en\/wp-json\/wp\/v2\/pages\/244\/revisions\/330"}],"wp:attachment":[{"href":"https:\/\/parijedi.org\/en\/wp-json\/wp\/v2\/media?parent=244"}],"curies":[{"name":"wp","href":"https:\/\/api.w.org\/{rel}","templated":true}]}}