{"id":242,"date":"2018-06-09T04:38:25","date_gmt":"2018-06-09T04:38:25","guid":{"rendered":"https:\/\/parijedi.org\/?page_id=242"},"modified":"2018-06-09T19:50:36","modified_gmt":"2018-06-09T19:50:36","slug":"strategie-du-programme","status":"publish","type":"page","link":"https:\/\/parijedi.org\/en\/strategie-du-programme\/","title":{"rendered":"STRAT\u00c9GIE DU PROGRAMME"},"content":{"rendered":"<p>[vc_row][vc_column][vc_column_text]La strat\u00e9gie Globale du PARI-JEDI dans sa contribution \u00e0 la promotion de la diaspora et \u00e0 la gestion des questions migratoires, consiste \u00e0 accompagner un certain nombre d\u2019actions dont les principales sont :<\/p>\n<ul>\n<li>le retour-installation en emploi ou auto-emploi des jeunes camerounais de la diaspora ;<\/li>\n<li>la contribution des camerounais r\u00e9sidant \u00e0 l\u2019ext\u00e9rieur au d\u00e9veloppement socio\u00e9conomique, \u00e0 travers l\u2019investissement dans le secteur public ou priv\u00e9 ;<\/li>\n<li>la participation volontaire des camerounais de la diaspora \u00e0 la construction nationale \u00e0 travers leurs appuis multiformes aux actions de d\u00e9veloppement ;<\/li>\n<li>la pr\u00e9vention des migrations irr\u00e9guli\u00e8res en milieu jeune ; &#8211; \u00a0\u00a0\u00a0\u00a0\u00a0\u00a0\u00a0 l\u2019accompagnement des jeunes admis \u00e0 la migration r\u00e9guli\u00e8re ;<\/li>\n<li>la reconversion, la stabilisation et la fixation des personnes affect\u00e9es par les probl\u00e8mes migratoires ;<\/li>\n<li>la r\u00e9alisation d\u2019\u00e9tudes sur la diaspora et sur les ph\u00e9nom\u00e8nes migratoires ;<\/li>\n<li>le d\u00e9veloppement des strat\u00e9gies pour la prise de mesures institutionnelles de promotion du retour, de l\u2019installation et de la participation de la diaspora au d\u00e9veloppement socio\u00e9conomique.<\/li>\n<\/ul>\n<p>&nbsp;<\/p>\n<p>Ce processus d\u2019accompagnement des camerounais de la diaspora et des personnes affect\u00e9es par les probl\u00e8mes migratoires, comprends plusieurs op\u00e9rations \u00e0 savoir :<\/p>\n<ul>\n<li><strong>La mobilisation <\/strong>: Elle consiste \u00e0 informer et \u00e0 sensibiliser la diaspora sur les strat\u00e9gies d\u2019aide au retour et \u00e0 leur insertion socio\u00e9conomique ou professionnel au Cameroun, ainsi que tous les acteurs potentiels, tant au niveau national qu\u2019international.<\/li>\n<li><strong>Le suivi des inscriptions au Programme<\/strong> : Cette op\u00e9ration se rapporte \u00e0 l\u2019enregistrement des personnes int\u00e9ress\u00e9es par le Programme en fonction de leurs cat\u00e9gories et de leurs besoins. Pour les jeunes (personnes \u00e2g\u00e9es de 15 \u00e0 35 ans), l\u2019inscription au Programme se fait \u00e0 partir de l\u2019Observatoire National de la Jeunesse (ONJ). Pour les autres cat\u00e9gories les inscriptions s\u2019op\u00e8rent directement dans les services du Programme. Ces enregistrements marquent l\u2019inclusion des int\u00e9ress\u00e9s au Programme et sont mat\u00e9rialis\u00e9s par l\u2019ouverture d\u2019un dossier.<\/li>\n<li><strong>La collecte d\u2019informations <\/strong>: Il s\u2019agit de r\u00e9unir toutes informations locales pertinentes pouvant \u00eatre utiles \u00e0 la diaspora (et inversement), et d\u2019en constituer une base de donn\u00e9es.<\/li>\n<li><strong>La diffusion des informations collect\u00e9es <\/strong>: Elle consiste \u00e0 mettre \u00e0 la disposition des acteurs concern\u00e9s (diaspora, structures locales, partenaires\u2026), les informations exploitables dans leurs diverses interventions.<\/li>\n<li><strong>La facilitation <\/strong>: Elle comprend plusieurs sous-op\u00e9rations entre autres : l\u2019aide \u00e0 l\u2019\u00e9laboration et \u00e0 la maturation des projets de retour-installation, de participation volontaire, d\u2019investissement ou de quelque autre intervention ; le conseil et l\u2019orientation des int\u00e9ress\u00e9s vers les solutions ad\u00e9quates ou les guichets correspondant \u00e0 leurs besoins.<\/li>\n<li><strong>Le suivi de la formation civique <\/strong>: Pour tous les jeunes int\u00e9ress\u00e9s par le Programme, les inscriptions se font \u00e0 l\u2019ONJ o\u00f9 est en m\u00eame temps d\u00e9clench\u00e9 le r\u00e9armement moral et civique pour les int\u00e9ress\u00e9s. Il s\u2019agit pour le Programme de suivre l\u2019effectuation de cette formation civique et de s\u2019assurer de son aboutissement. C\u2019est un pr\u00e9alable \u00e0 la poursuite de l\u2019accompagnement.<\/li>\n<li><strong>L\u2019interm\u00e9diation<\/strong> : Elle consiste \u00e0 conduire les n\u00e9gociations et \u00e0 assurer la liaison entre les camerounais de la diaspora et les structures, personnes ressources ou guichets locaux pr\u00e9sentant des opportunit\u00e9s ou des ressources exploitables. Il s\u2019agit \u00e9galement de mettre en relation les structures locales et les opportunit\u00e9s offertes par la diaspora.<\/li>\n<li><strong>Appui \u00e0 l\u2019installation retour : <\/strong>Cette mesure concerne les jeunes camerounais de la diaspora admis au Programme, et consiste \u00e0 mettre \u00e0 leur disposition selon les cas, des facilit\u00e9s d\u2019insertion telle que des cr\u00e9dits productifs, des subventions et autres appuis \u00e0 la cr\u00e9ation d\u2019entreprises et des appuis institutionnels ad\u00e9quats, \u00e0 travers le Fonds National d\u2019Insertion des Jeunes (FONIJ) et d\u2019autres institutions d\u2019accompagnement.<\/li>\n<li><strong>Le suivi des initiatives de la diaspora sur le terrain<\/strong> : Il s\u2019agit de suivre l\u2019\u00e9volution des actions d\u2019insertion et d\u2019investissement men\u00e9es par les camerounais de la diaspora inscrits au Programme sur l\u2019\u00e9tendue du territoire. Cette op\u00e9ration int\u00e8gre l\u2019encadrement des jeunes de la diaspora dans leur parcours d\u2019insertion en emploi ou en auto-emploi, et l\u2019accompagnement des actions de participation volontaire de la diaspora au d\u00e9veloppement national, en liaison avec les structures concern\u00e9es.<\/li>\n<li><strong>La sensibilisation sur les ph\u00e9nom\u00e8nes migratoires<\/strong> : Elle consiste en l\u2019organisation des campagnes de sensibilisation en direction de la jeunesse scolaire, universitaire, extrascolaire et professionnelle ; la production et la diffusion des documents sur les ph\u00e9nom\u00e8nes migratoires et leurs cons\u00e9quences.<\/li>\n<li><strong>L\u2019information et le suivi des jeunes admis \u00e0 la migration<\/strong> <strong>r\u00e9guli\u00e8re<\/strong> : Il est question de mettre \u00e0 la disposition de la jeunesse des informations pertinentes sur les opportunit\u00e9s r\u00e9elles d\u2019\u00e9migration et les proc\u00e9dures l\u00e9gales y relatives. Dans cette perspectives les jeunes ayant des projets migratoires \u00e9ligibles sont accompagn\u00e9s dans un processus de migration r\u00e9guli\u00e8re, avec pour finalit\u00e9 leur retour et leur installation dans le pays d\u2019origine.<\/li>\n<li><strong>L\u2019appui aux personnes affect\u00e9es par les ph\u00e9nom\u00e8nes migratoires<\/strong> : Il consiste en l\u2019identification, l\u2019information et l\u2019accompagnement de ces personnes, en vue de leur reconversion, leur stabilisation et l\u2019am\u00e9lioration de leurs conditions d\u2019existence.<\/li>\n<li><strong>La conduite de plaidoyers <\/strong>: Il s\u2019agit de mettre en place, de concert avec les autres parties-prenantes, des plaidoyers devant conduire \u00e0 l\u2019institutionnalisation des mesures incitatives en faveur de l\u2019int\u00e9gration de la diaspora, et de la gestion des ph\u00e9nom\u00e8nes migratoires.<\/li>\n<\/ul>\n<p>&nbsp;<\/p>\n<p><em><strong>Site de l\u2019Observatoire National de la Jeunesse : <u><a href=\"http:\/\/www.onjcameroun.cm\/\">www.onjcameroun.cm<\/a><\/u><a href=\"http:\/\/www.onjcameroun.cm\/\">\u00a0 <\/a><\/strong><\/em>[\/vc_column_text][\/vc_column][\/vc_row]<\/p>\n","protected":false},"excerpt":{"rendered":"<p>[vc_row][vc_column][vc_column_text]La strat\u00e9gie Globale du PARI-JEDI dans sa contribution \u00e0 la promotion de la diaspora et \u00e0 la gestion des questions migratoires, consiste \u00e0 accompagner un certain nombre d\u2019actions dont les principales sont : le retour-installation en emploi ou auto-emploi des jeunes camerounais de la diaspora ; la contribution des camerounais r\u00e9sidant \u00e0 l\u2019ext\u00e9rieur au d\u00e9veloppement [&hellip;]<\/p>\n","protected":false},"author":2,"featured_media":0,"parent":0,"menu_order":0,"comment_status":"closed","ping_status":"closed","template":"","meta":[],"_links":{"self":[{"href":"https:\/\/parijedi.org\/en\/wp-json\/wp\/v2\/pages\/242"}],"collection":[{"href":"https:\/\/parijedi.org\/en\/wp-json\/wp\/v2\/pages"}],"about":[{"href":"https:\/\/parijedi.org\/en\/wp-json\/wp\/v2\/types\/page"}],"author":[{"embeddable":true,"href":"https:\/\/parijedi.org\/en\/wp-json\/wp\/v2\/users\/2"}],"replies":[{"embeddable":true,"href":"https:\/\/parijedi.org\/en\/wp-json\/wp\/v2\/comments?post=242"}],"version-history":[{"count":3,"href":"https:\/\/parijedi.org\/en\/wp-json\/wp\/v2\/pages\/242\/revisions"}],"predecessor-version":[{"id":325,"href":"https:\/\/parijedi.org\/en\/wp-json\/wp\/v2\/pages\/242\/revisions\/325"}],"wp:attachment":[{"href":"https:\/\/parijedi.org\/en\/wp-json\/wp\/v2\/media?parent=242"}],"curies":[{"name":"wp","href":"https:\/\/api.w.org\/{rel}","templated":true}]}}