{"id":240,"date":"2018-06-09T04:38:24","date_gmt":"2018-06-09T04:38:24","guid":{"rendered":"https:\/\/parijedi.org\/?page_id=240"},"modified":"2018-06-09T21:21:00","modified_gmt":"2018-06-09T21:21:00","slug":"organes-de-gestion","status":"publish","type":"page","link":"https:\/\/parijedi.org\/en\/organes-de-gestion\/","title":{"rendered":"ORGANES DE GESTION"},"content":{"rendered":"<p>[vc_row][vc_column][vc_column_text]L\u2019organigramme du programme se pr\u00e9sente ainsi qu\u2019il suit :<\/p>\n<p><img src=\"http:\/\/parijedi.org\/wp-content\/uploads\/2018\/06\/Diagram.png\" width=\"100%\" \/><\/p>\n<p>Au niveau r\u00e9gional, le suivi des initiatives des compatriotes de la diaspora encadr\u00e9s par le PARI-JEDI, est assur\u00e9 par les responsables des structures d\u00e9concentr\u00e9es du MINJEC dans leurs circonscriptions de comp\u00e9tence. A l\u2019ext\u00e9rieur, le suivi des activit\u00e9s est r\u00e9alis\u00e9 par les organisations partenaires du Programme, sous la supervision des Chefs des Repr\u00e9sentations diplomatiques du Cameroun \u00e0 l\u2019\u00e9tranger.<\/p>\n<p>Des Points Focaux PARI-JEDI ont \u00e9t\u00e9 d\u00e9sign\u00e9s dans toutes les administrations et structures partenaires, pour faciliter l\u2019accompagnement de la cible.<\/p>\n<p>&nbsp;<\/p>\n<h3>PARTENAIRES DU PROGRAMME<\/h3>\n<p>&nbsp;<\/p>\n<p>Le PARI-JEDI est mis en place suivant une synergie d\u2019intervention qui int\u00e8gre :<\/p>\n<ul>\n<li>Les autres programmes, projets et structures op\u00e9rationnelles du MINJEC ;<\/li>\n<li>Les administrations et structures avec lesquelles le MINJEC a sign\u00e9 des accords de partenariat pour l\u2019encadrement de la jeunesse, l\u2019\u00e9ducation civique ou l\u2019int\u00e9gration nationale ; et qui sont concern\u00e9es par un aspect quelconque du l\u2019op\u00e9rationnalisation du PARI-JEDI ;<\/li>\n<li>Toutes les administrations et structures membres du Comit\u00e9 de Pilotage.<\/li>\n<\/ul>\n<p>[\/vc_column_text][\/vc_column][\/vc_row]<\/p>\n","protected":false},"excerpt":{"rendered":"<p>[vc_row][vc_column][vc_column_text]L\u2019organigramme du programme se pr\u00e9sente ainsi qu\u2019il suit : Au niveau r\u00e9gional, le suivi des initiatives des compatriotes de la diaspora encadr\u00e9s par le PARI-JEDI, est assur\u00e9 par les responsables des structures d\u00e9concentr\u00e9es du MINJEC dans leurs circonscriptions de comp\u00e9tence. A l\u2019ext\u00e9rieur, le suivi des activit\u00e9s est r\u00e9alis\u00e9 par les organisations partenaires du Programme, sous [&hellip;]<\/p>\n","protected":false},"author":2,"featured_media":0,"parent":0,"menu_order":0,"comment_status":"closed","ping_status":"closed","template":"","meta":[],"_links":{"self":[{"href":"https:\/\/parijedi.org\/en\/wp-json\/wp\/v2\/pages\/240"}],"collection":[{"href":"https:\/\/parijedi.org\/en\/wp-json\/wp\/v2\/pages"}],"about":[{"href":"https:\/\/parijedi.org\/en\/wp-json\/wp\/v2\/types\/page"}],"author":[{"embeddable":true,"href":"https:\/\/parijedi.org\/en\/wp-json\/wp\/v2\/users\/2"}],"replies":[{"embeddable":true,"href":"https:\/\/parijedi.org\/en\/wp-json\/wp\/v2\/comments?post=240"}],"version-history":[{"count":5,"href":"https:\/\/parijedi.org\/en\/wp-json\/wp\/v2\/pages\/240\/revisions"}],"predecessor-version":[{"id":390,"href":"https:\/\/parijedi.org\/en\/wp-json\/wp\/v2\/pages\/240\/revisions\/390"}],"wp:attachment":[{"href":"https:\/\/parijedi.org\/en\/wp-json\/wp\/v2\/media?parent=240"}],"curies":[{"name":"wp","href":"https:\/\/api.w.org\/{rel}","templated":true}]}}