{"id":239,"date":"2018-06-09T04:38:24","date_gmt":"2018-06-09T04:38:24","guid":{"rendered":"https:\/\/parijedi.org\/?page_id=239"},"modified":"2018-06-09T18:37:46","modified_gmt":"2018-06-09T18:37:46","slug":"fondements-juridiques-et-institutionnels-des-interventions-du-minjec-en-faveur-de-la-diaspora","status":"publish","type":"page","link":"https:\/\/parijedi.org\/en\/fondements-juridiques-et-institutionnels-des-interventions-du-minjec-en-faveur-de-la-diaspora\/","title":{"rendered":"FONDEMENTS JURIDIQUES ET INSTITUTIONNELS DES INTERVENTIONS DU MINJEC EN FAVEUR DE LA DIASPORA"},"content":{"rendered":"<p>[vc_row][vc_column][vc_column_text]Dans le cadre de l\u2019accompagnement des jeunes de la diaspora et conform\u00e9ment au d\u00e9cret pr\u00e9sidentiel n\u00b0 2012\/565 du 28 novembre 2012 portant organisation\u00a0 du Minist\u00e8re de la Jeunesse et de l\u2019Education Civique (art. 53, 54, 57, 59), ce d\u00e9partement minist\u00e9riel est charg\u00e9, en liaison avec les autres administrations concern\u00e9es :<\/p>\n<ul>\n<li>de la promotion \u00e9conomique des jeunes de la diaspora ;<\/li>\n<li>de la promotion de l\u2019entrepreneuriat chez les jeunes de la diaspora ;<\/li>\n<li>du d\u00e9veloppement des m\u00e9canismes d\u2019insertion \u00e9conomique et professionnel des jeunes de la diaspora.<\/li>\n<\/ul>\n<p>D\u2019apr\u00e8s le d\u00e9cret susmentionn\u00e9 et particuli\u00e8rement dans le domaine de l\u2019int\u00e9gration nationale (art. 43, 50, 52), le MINJEC est charg\u00e9 :<\/p>\n<ul>\n<li>de l\u2019\u00e9laboration\u00a0 des\u00a0 strat\u00e9gies\u00a0 d\u2019int\u00e9gration\u00a0 des\u00a0 citoyens camerounais\u00a0 de\u00a0 la\u00a0 diaspora,\u00a0 en\u00a0 liaison\u00a0 avec\u00a0 les\u00a0 administrations concern\u00e9es ;<\/li>\n<li>du d\u00e9veloppement\u00a0 des\u00a0 programmes\u00a0 et\u00a0 projets\u00a0 de\u00a0 facilitation\u00a0 du retour et de l\u2019installation des camerounais vivants \u00e0 l\u2019ext\u00e9rieur ;<\/li>\n<li>du suivi de la mise\u00a0 en\u00a0 \u0153uvre\u00a0 des\u00a0 strat\u00e9gies\u00a0 d\u2019int\u00e9gration socio\u00e9conomique des camerounais de la diaspora ;<\/li>\n<li>de la prospection des secteurs d\u2019activit\u00e9s attractifs pour les jeunes camerounais de la diaspora ;<\/li>\n<li>de la facilitation des liens et \u00e9changes entre les camerounais de la diaspora.<\/li>\n<\/ul>\n<p>[\/vc_column_text][\/vc_column][\/vc_row]<\/p>\n","protected":false},"excerpt":{"rendered":"<p>[vc_row][vc_column][vc_column_text]Dans le cadre de l\u2019accompagnement des jeunes de la diaspora et conform\u00e9ment au d\u00e9cret pr\u00e9sidentiel n\u00b0 2012\/565 du 28 novembre 2012 portant organisation\u00a0 du Minist\u00e8re de la Jeunesse et de l\u2019Education Civique (art. 53, 54, 57, 59), ce d\u00e9partement minist\u00e9riel est charg\u00e9, en liaison avec les autres administrations concern\u00e9es : de la promotion \u00e9conomique des [&hellip;]<\/p>\n","protected":false},"author":2,"featured_media":0,"parent":0,"menu_order":0,"comment_status":"closed","ping_status":"closed","template":"","meta":[],"_links":{"self":[{"href":"https:\/\/parijedi.org\/en\/wp-json\/wp\/v2\/pages\/239"}],"collection":[{"href":"https:\/\/parijedi.org\/en\/wp-json\/wp\/v2\/pages"}],"about":[{"href":"https:\/\/parijedi.org\/en\/wp-json\/wp\/v2\/types\/page"}],"author":[{"embeddable":true,"href":"https:\/\/parijedi.org\/en\/wp-json\/wp\/v2\/users\/2"}],"replies":[{"embeddable":true,"href":"https:\/\/parijedi.org\/en\/wp-json\/wp\/v2\/comments?post=239"}],"version-history":[{"count":3,"href":"https:\/\/parijedi.org\/en\/wp-json\/wp\/v2\/pages\/239\/revisions"}],"predecessor-version":[{"id":316,"href":"https:\/\/parijedi.org\/en\/wp-json\/wp\/v2\/pages\/239\/revisions\/316"}],"wp:attachment":[{"href":"https:\/\/parijedi.org\/en\/wp-json\/wp\/v2\/media?parent=239"}],"curies":[{"name":"wp","href":"https:\/\/api.w.org\/{rel}","templated":true}]}}