{"id":238,"date":"2018-06-09T04:38:24","date_gmt":"2018-06-09T04:38:24","guid":{"rendered":"https:\/\/parijedi.org\/?page_id=238"},"modified":"2018-06-09T18:37:42","modified_gmt":"2018-06-09T18:37:42","slug":"categories-sociales-ciblees","status":"publish","type":"page","link":"https:\/\/parijedi.org\/en\/categories-sociales-ciblees\/","title":{"rendered":"CAT\u00c9GORIES SOCIALES CIBL\u00c9ES"},"content":{"rendered":"<p>[vc_row][vc_column][vc_column_text]Le Programme cible particuli\u00e8rement :<\/p>\n<p>\u2022 tout jeune camerounais porteur de projets professionnels ou entrepreneuriaux d\u00e9sirant retourner et s\u2019installer au Cameroun ;<\/p>\n<p>\u2022 tout camerounais de la Diaspora d\u00e9sirant contribuer au d\u00e9veloppement socio\u00e9conomique du pays ;<\/p>\n<p>\u2022 toutes cat\u00e9gories de jeunes concern\u00e9es par les questions migratoires.[\/vc_column_text][\/vc_column][\/vc_row]<\/p>\n","protected":false},"excerpt":{"rendered":"<p>[vc_row][vc_column][vc_column_text]Le Programme cible particuli\u00e8rement : \u2022 tout jeune camerounais porteur de projets professionnels ou entrepreneuriaux d\u00e9sirant retourner et s\u2019installer au Cameroun ; \u2022 tout camerounais de la Diaspora d\u00e9sirant contribuer au d\u00e9veloppement socio\u00e9conomique du pays ; \u2022 toutes cat\u00e9gories de jeunes concern\u00e9es par les questions migratoires.[\/vc_column_text][\/vc_column][\/vc_row]<\/p>\n","protected":false},"author":2,"featured_media":0,"parent":0,"menu_order":0,"comment_status":"closed","ping_status":"closed","template":"","meta":[],"_links":{"self":[{"href":"https:\/\/parijedi.org\/en\/wp-json\/wp\/v2\/pages\/238"}],"collection":[{"href":"https:\/\/parijedi.org\/en\/wp-json\/wp\/v2\/pages"}],"about":[{"href":"https:\/\/parijedi.org\/en\/wp-json\/wp\/v2\/types\/page"}],"author":[{"embeddable":true,"href":"https:\/\/parijedi.org\/en\/wp-json\/wp\/v2\/users\/2"}],"replies":[{"embeddable":true,"href":"https:\/\/parijedi.org\/en\/wp-json\/wp\/v2\/comments?post=238"}],"version-history":[{"count":3,"href":"https:\/\/parijedi.org\/en\/wp-json\/wp\/v2\/pages\/238\/revisions"}],"predecessor-version":[{"id":318,"href":"https:\/\/parijedi.org\/en\/wp-json\/wp\/v2\/pages\/238\/revisions\/318"}],"wp:attachment":[{"href":"https:\/\/parijedi.org\/en\/wp-json\/wp\/v2\/media?parent=238"}],"curies":[{"name":"wp","href":"https:\/\/api.w.org\/{rel}","templated":true}]}}