{"id":237,"date":"2018-06-09T04:38:24","date_gmt":"2018-06-09T04:38:24","guid":{"rendered":"https:\/\/parijedi.org\/?page_id=237"},"modified":"2018-06-09T18:37:41","modified_gmt":"2018-06-09T18:37:41","slug":"date-de-creation-forme-juridique-et-localisation","status":"publish","type":"page","link":"https:\/\/parijedi.org\/en\/date-de-creation-forme-juridique-et-localisation\/","title":{"rendered":"DATE DE CR\u00c9ATION, FORME JURIDIQUE ET LOCALISATION"},"content":{"rendered":"<p>[vc_row][vc_column][vc_column_text]<\/p>\n<p style=\"text-align: left;\">Le <strong>PARI-JEDI<\/strong> est n\u00e9 \u00e0 la faveur de la D\u00e9cision N\u00b0 013-2017\/D\/MINJEC\/CAB du 14f\u00e9vrier 2017 portant cr\u00e9ation, organisation et fonctionnement du Programme d\u2019Aide au Retour et \u00e0 l\u2019Insertion des Jeunes de la Diaspora.<\/p>\n<p style=\"text-align: left;\">Plac\u00e9 sous l\u2019autorit\u00e9 du Minist\u00e8re de la Jeunesse et de l\u2019\u00c9ducation Civique, Le <strong>PARI-JEDI<\/strong> est un programme gouvernemental qui est mis en \u0153uvre sur toute l\u2019\u00e9tendue du territoire national et \u00e0 l\u2019ext\u00e9rieur.<\/p>\n<p>[\/vc_column_text][\/vc_column][\/vc_row]<\/p>\n","protected":false},"excerpt":{"rendered":"<p>[vc_row][vc_column][vc_column_text] Le PARI-JEDI est n\u00e9 \u00e0 la faveur de la D\u00e9cision N\u00b0 013-2017\/D\/MINJEC\/CAB du 14f\u00e9vrier 2017 portant cr\u00e9ation, organisation et fonctionnement du Programme d\u2019Aide au Retour et \u00e0 l\u2019Insertion des Jeunes de la Diaspora. Plac\u00e9 sous l\u2019autorit\u00e9 du Minist\u00e8re de la Jeunesse et de l\u2019\u00c9ducation Civique, Le PARI-JEDI est un programme gouvernemental qui est mis [&hellip;]<\/p>\n","protected":false},"author":2,"featured_media":0,"parent":0,"menu_order":0,"comment_status":"closed","ping_status":"closed","template":"","meta":[],"_links":{"self":[{"href":"https:\/\/parijedi.org\/en\/wp-json\/wp\/v2\/pages\/237"}],"collection":[{"href":"https:\/\/parijedi.org\/en\/wp-json\/wp\/v2\/pages"}],"about":[{"href":"https:\/\/parijedi.org\/en\/wp-json\/wp\/v2\/types\/page"}],"author":[{"embeddable":true,"href":"https:\/\/parijedi.org\/en\/wp-json\/wp\/v2\/users\/2"}],"replies":[{"embeddable":true,"href":"https:\/\/parijedi.org\/en\/wp-json\/wp\/v2\/comments?post=237"}],"version-history":[{"count":3,"href":"https:\/\/parijedi.org\/en\/wp-json\/wp\/v2\/pages\/237\/revisions"}],"predecessor-version":[{"id":320,"href":"https:\/\/parijedi.org\/en\/wp-json\/wp\/v2\/pages\/237\/revisions\/320"}],"wp:attachment":[{"href":"https:\/\/parijedi.org\/en\/wp-json\/wp\/v2\/media?parent=237"}],"curies":[{"name":"wp","href":"https:\/\/api.w.org\/{rel}","templated":true}]}}