{"id":236,"date":"2018-06-09T04:38:23","date_gmt":"2018-06-09T04:38:23","guid":{"rendered":"https:\/\/parijedi.org\/?page_id=236"},"modified":"2018-06-09T18:37:39","modified_gmt":"2018-06-09T18:37:39","slug":"denomination-but-et-missions","status":"publish","type":"page","link":"https:\/\/parijedi.org\/en\/denomination-but-et-missions\/","title":{"rendered":"D\u00c9NOMINATION, BUT ET MISSIONS"},"content":{"rendered":"<p>[vc_row][vc_column][vc_column_text]<strong>Le Programme d\u2019Aide au Retour et \u00e0 l\u2019Insertion des Jeunes de la Diaspora (PARI-JEDI)<\/strong> est un m\u00e9canisme de mobilisation des jeunes camerounais de la diaspora en vue de leur retour et leur insertion socio-\u00e9conomique, et de promotion de la participation de la diaspora \u00e0 l\u2019\u0153uvre de construction nationale, par le biais d\u2019une gestion concert\u00e9e du ph\u00e9nom\u00e8ne migratoire et de ses cons\u00e9quences en milieu jeune.<\/p>\n<p>&nbsp;<\/p>\n<p><strong>Il a pour missions :<\/strong><\/p>\n<p>&#8211; la mobilisation des jeunes camerounais de la diaspora et des acteurs nationaux et internationaux autour de la gestion des questions migratoires, du retourinstallation volontaire, et de l\u2019implication de la diaspora \u00e0 l\u2019\u0153uvre de construction nationale.<\/p>\n<p>&#8211; l\u2019insertion socio-\u00e9conomique des jeunes camerounais de la diaspora d\u00e9sirant retourner au Cameroun ;<\/p>\n<p>&#8211; la promotion de la participation volontaire directe ou indirecte de la diaspora \u00e0 l\u2019investissement et \u00e0 l\u2019\u0153uvre de construction nationale ;<\/p>\n<p>&#8211; l\u2019\u00e9laboration et la mise en \u0153uvre des strat\u00e9gies visant \u00e0 limiter l\u2019\u00e9migration irr\u00e9guli\u00e8re des jeunes camerounais ;<\/p>\n<p>&#8211; la conduite des plaidoyers pour la prise de d\u00e9cisions et l\u2019institutionnalisation des mesures susceptibles d\u2019encourager le retour, l\u2019insertion et la participation de la diaspora au d\u00e9veloppement socio-\u00e9conomique du Cameroun.[\/vc_column_text][\/vc_column][\/vc_row]<\/p>\n","protected":false},"excerpt":{"rendered":"<p>[vc_row][vc_column][vc_column_text]Le Programme d\u2019Aide au Retour et \u00e0 l\u2019Insertion des Jeunes de la Diaspora (PARI-JEDI) est un m\u00e9canisme de mobilisation des jeunes camerounais de la diaspora en vue de leur retour et leur insertion socio-\u00e9conomique, et de promotion de la participation de la diaspora \u00e0 l\u2019\u0153uvre de construction nationale, par le biais d\u2019une gestion concert\u00e9e du [&hellip;]<\/p>\n","protected":false},"author":2,"featured_media":0,"parent":0,"menu_order":0,"comment_status":"closed","ping_status":"closed","template":"","meta":[],"_links":{"self":[{"href":"https:\/\/parijedi.org\/en\/wp-json\/wp\/v2\/pages\/236"}],"collection":[{"href":"https:\/\/parijedi.org\/en\/wp-json\/wp\/v2\/pages"}],"about":[{"href":"https:\/\/parijedi.org\/en\/wp-json\/wp\/v2\/types\/page"}],"author":[{"embeddable":true,"href":"https:\/\/parijedi.org\/en\/wp-json\/wp\/v2\/users\/2"}],"replies":[{"embeddable":true,"href":"https:\/\/parijedi.org\/en\/wp-json\/wp\/v2\/comments?post=236"}],"version-history":[{"count":3,"href":"https:\/\/parijedi.org\/en\/wp-json\/wp\/v2\/pages\/236\/revisions"}],"predecessor-version":[{"id":319,"href":"https:\/\/parijedi.org\/en\/wp-json\/wp\/v2\/pages\/236\/revisions\/319"}],"wp:attachment":[{"href":"https:\/\/parijedi.org\/en\/wp-json\/wp\/v2\/media?parent=236"}],"curies":[{"name":"wp","href":"https:\/\/api.w.org\/{rel}","templated":true}]}}