{"id":235,"date":"2018-06-09T04:38:23","date_gmt":"2018-06-09T04:38:23","guid":{"rendered":"https:\/\/parijedi.org\/?page_id=235"},"modified":"2018-06-09T18:15:19","modified_gmt":"2018-06-09T18:15:19","slug":"le-programme-pari-jedi","status":"publish","type":"page","link":"https:\/\/parijedi.org\/en\/le-programme-pari-jedi\/","title":{"rendered":"Le Programme Pari &#8211; Jedi"},"content":{"rendered":"<p>[vc_row][vc_column][vc_single_image image=&#8221;212&#8243; img_size=&#8221;large&#8221; alignment=&#8221;center&#8221;][vc_column_text]<\/p>\n<p style=\"text-align: center;\">Plac\u00e9 sous l&#8217;autorit\u00e9 du Ministre de la Jeunesse et de l&#8217;Education Civique, le Programme d&#8217;Aide au Retour et \u00e0 l&#8217; Insertion des Jeunes de la Diaspora (PARI-JEDI) est un m\u00e9canisme de mobilisation des jeunes camerounais de la diaspora en vue de leur retour et leur insertion socio-\u00e9conomique, et de promotion de la participation de la diaspora \u00e0 l&#8217;\u0153uvre de construction nationale, par le biais d&#8217;une gestion concert\u00e9e du ph\u00e9nom\u00e8ne migratoire et de ses cons\u00e9quences en milieu jeune.<\/p>\n<p>[\/vc_column_text][\/vc_column][\/vc_row][vc_row][vc_column][vc_wp_custommenu nav_menu=&#8221;3&#8243; title=&#8221;TOUT SAVOIR SUR LE PROGRAMME PARI-JEDI&#8221;][\/vc_column][\/vc_row]<\/p>\n","protected":false},"excerpt":{"rendered":"<p>[vc_row][vc_column][vc_single_image image=&#8221;212&#8243; img_size=&#8221;large&#8221; alignment=&#8221;center&#8221;][vc_column_text] Plac\u00e9 sous l&#8217;autorit\u00e9 du Ministre de la Jeunesse et de l&#8217;Education Civique, le Programme d&#8217;Aide au Retour et \u00e0 l&#8217; Insertion des Jeunes de la Diaspora (PARI-JEDI) est un m\u00e9canisme de mobilisation des jeunes camerounais de la diaspora en vue de leur retour et leur insertion socio-\u00e9conomique, et de promotion de [&hellip;]<\/p>\n","protected":false},"author":2,"featured_media":0,"parent":0,"menu_order":0,"comment_status":"closed","ping_status":"closed","template":"","meta":[],"_links":{"self":[{"href":"https:\/\/parijedi.org\/en\/wp-json\/wp\/v2\/pages\/235"}],"collection":[{"href":"https:\/\/parijedi.org\/en\/wp-json\/wp\/v2\/pages"}],"about":[{"href":"https:\/\/parijedi.org\/en\/wp-json\/wp\/v2\/types\/page"}],"author":[{"embeddable":true,"href":"https:\/\/parijedi.org\/en\/wp-json\/wp\/v2\/users\/2"}],"replies":[{"embeddable":true,"href":"https:\/\/parijedi.org\/en\/wp-json\/wp\/v2\/comments?post=235"}],"version-history":[{"count":2,"href":"https:\/\/parijedi.org\/en\/wp-json\/wp\/v2\/pages\/235\/revisions"}],"predecessor-version":[{"id":311,"href":"https:\/\/parijedi.org\/en\/wp-json\/wp\/v2\/pages\/235\/revisions\/311"}],"wp:attachment":[{"href":"https:\/\/parijedi.org\/en\/wp-json\/wp\/v2\/media?parent=235"}],"curies":[{"name":"wp","href":"https:\/\/api.w.org\/{rel}","templated":true}]}}